{"id":10100,"date":"2024-02-10T19:10:30","date_gmt":"2024-02-10T18:10:30","guid":{"rendered":"https:\/\/www.oxalis-asso.org\/dev\/?page_id=10100"},"modified":"2024-05-23T18:46:10","modified_gmt":"2024-05-23T16:46:10","slug":"contact","status":"publish","type":"page","link":"https:\/\/www.oxalis-asso.org\/dev\/contact\/","title":{"rendered":"Contact"},"content":{"rendered":"\t\t<div data-elementor-type=\"wp-page\" data-elementor-id=\"10100\" class=\"elementor elementor-10100\">\n\t\t\t\t<div class=\"elementor-element elementor-element-bb8a1c1 e-grid e-con-full e-con e-parent\" data-id=\"bb8a1c1\" data-element_type=\"container\">\n\t\t\t\t<div class=\"elementor-element elementor-element-2f61caa elementor-widget elementor-widget-heading\" data-id=\"2f61caa\" data-element_type=\"widget\" data-widget_type=\"heading.default\">\n\t\t\t\t<div class=\"elementor-widget-container\">\n\t\t\t\t\t<h1 class=\"elementor-heading-title elementor-size-default\">CONTACT<\/h1>\t\t\t\t<\/div>\n\t\t\t\t<\/div>\n\t\t\t\t<div class=\"elementor-element elementor-element-693f511 elementor-align-center elementor-widget elementor-widget-raven-breadcrumbs\" data-id=\"693f511\" data-element_type=\"widget\" data-widget_type=\"raven-breadcrumbs.default\">\n\t\t\t\t<div class=\"elementor-widget-container\">\n\t\t\t\t\t<div class=\"raven-breadcrumbs raven-breadcrumbs-yoast\"><p id=\"breadcrumbs\"><span><span><a href=\"https:\/\/www.oxalis-asso.org\/dev\/\">Accueil<\/a><\/span><\/span><\/p><\/div>\t\t\t\t<\/div>\n\t\t\t\t<\/div>\n\t\t\t\t<\/div>\n\t\t<div class=\"elementor-element elementor-element-c3c8e1f e-con-full e-flex e-con e-parent\" data-id=\"c3c8e1f\" data-element_type=\"container\">\n\t\t<div class=\"elementor-element elementor-element-5d935360 e-flex e-con-boxed e-con e-child\" data-id=\"5d935360\" data-element_type=\"container\" data-settings=\"{&quot;background_background&quot;:&quot;classic&quot;}\">\n\t\t\t\t\t<div class=\"e-con-inner\">\n\t\t<div class=\"elementor-element elementor-element-1596fe12 e-con-full e-flex e-con e-child\" data-id=\"1596fe12\" data-element_type=\"container\">\n\t\t\t\t<div class=\"elementor-element elementor-element-3e429013 raven-form-button-align-center elementor-widget elementor-widget-raven-form\" data-id=\"3e429013\" data-element_type=\"widget\" data-settings=\"{&quot;fields&quot;:[{&quot;placeholder&quot;:&quot;Votre Pr\\u00e9nom&quot;,&quot;acceptance_text&quot;:null,&quot;step_previous_button&quot;:null,&quot;step_next_button&quot;:null,&quot;width&quot;:&quot;50&quot;,&quot;_id&quot;:&quot;6d091d6&quot;,&quot;field_custom_id&quot;:&quot;6d091d6&quot;,&quot;checked_by_default&quot;:null,&quot;min_time&quot;:null,&quot;max_time&quot;:null,&quot;min_date&quot;:null,&quot;max_date&quot;:null,&quot;localization&quot;:null,&quot;min&quot;:null,&quot;max&quot;:null,&quot;type&quot;:&quot;text&quot;,&quot;label&quot;:&quot;&quot;,&quot;recaptcha_badge&quot;:null,&quot;recaptcha_theme&quot;:null,&quot;recaptcha_size&quot;:null,&quot;field_options&quot;:null,&quot;inline_list&quot;:null,&quot;field_html&quot;:null,&quot;native_html5&quot;:null,&quot;multiple_selection&quot;:null,&quot;rows&quot;:null,&quot;required&quot;:&quot;&quot;,&quot;iti_tel&quot;:null,&quot;iti_tel_tel_type&quot;:null,&quot;iti_tel_require_area&quot;:null,&quot;iti_tel_allow_dropdown&quot;:null,&quot;iti_tel_country_include&quot;:null,&quot;iti_tel_ip_detect&quot;:null,&quot;iti_tel_internationalize&quot;:null,&quot;file_sizes&quot;:null,&quot;file_types&quot;:null,&quot;allow_multiple_upload&quot;:null,&quot;max_files&quot;:null,&quot;step_icon&quot;:null,&quot;field_value&quot;:&quot;&quot;},{&quot;placeholder&quot;:&quot;Votre Nom&quot;,&quot;acceptance_text&quot;:null,&quot;step_previous_button&quot;:null,&quot;step_next_button&quot;:null,&quot;width&quot;:&quot;50&quot;,&quot;_id&quot;:&quot;dfe6442&quot;,&quot;field_custom_id&quot;:&quot;dfe6442&quot;,&quot;checked_by_default&quot;:null,&quot;min_time&quot;:null,&quot;max_time&quot;:null,&quot;min_date&quot;:null,&quot;max_date&quot;:null,&quot;localization&quot;:null,&quot;min&quot;:null,&quot;max&quot;:null,&quot;type&quot;:&quot;text&quot;,&quot;label&quot;:&quot;&quot;,&quot;recaptcha_badge&quot;:null,&quot;recaptcha_theme&quot;:null,&quot;recaptcha_size&quot;:null,&quot;field_options&quot;:null,&quot;inline_list&quot;:null,&quot;field_html&quot;:null,&quot;native_html5&quot;:null,&quot;multiple_selection&quot;:null,&quot;rows&quot;:null,&quot;required&quot;:&quot;&quot;,&quot;iti_tel&quot;:null,&quot;iti_tel_tel_type&quot;:null,&quot;iti_tel_require_area&quot;:null,&quot;iti_tel_allow_dropdown&quot;:null,&quot;iti_tel_country_include&quot;:null,&quot;iti_tel_ip_detect&quot;:null,&quot;iti_tel_internationalize&quot;:null,&quot;file_sizes&quot;:null,&quot;file_types&quot;:null,&quot;allow_multiple_upload&quot;:null,&quot;max_files&quot;:null,&quot;step_icon&quot;:null,&quot;field_value&quot;:&quot;&quot;},{&quot;type&quot;:&quot;email&quot;,&quot;placeholder&quot;:&quot;Email&quot;,&quot;required&quot;:&quot;true&quot;,&quot;_id&quot;:&quot;d70fc37&quot;,&quot;acceptance_text&quot;:null,&quot;step_previous_button&quot;:null,&quot;step_next_button&quot;:null,&quot;width&quot;:&quot;50&quot;,&quot;field_custom_id&quot;:&quot;d70fc37&quot;,&quot;checked_by_default&quot;:null,&quot;min_time&quot;:null,&quot;max_time&quot;:null,&quot;min_date&quot;:null,&quot;max_date&quot;:null,&quot;localization&quot;:null,&quot;min&quot;:null,&quot;max&quot;:null,&quot;label&quot;:&quot;&quot;,&quot;recaptcha_badge&quot;:null,&quot;recaptcha_theme&quot;:null,&quot;recaptcha_size&quot;:null,&quot;field_options&quot;:null,&quot;inline_list&quot;:null,&quot;field_html&quot;:null,&quot;native_html5&quot;:null,&quot;multiple_selection&quot;:null,&quot;rows&quot;:null,&quot;iti_tel&quot;:null,&quot;iti_tel_tel_type&quot;:null,&quot;iti_tel_require_area&quot;:null,&quot;iti_tel_allow_dropdown&quot;:null,&quot;iti_tel_country_include&quot;:null,&quot;iti_tel_ip_detect&quot;:null,&quot;iti_tel_internationalize&quot;:null,&quot;file_sizes&quot;:null,&quot;file_types&quot;:null,&quot;allow_multiple_upload&quot;:null,&quot;max_files&quot;:null,&quot;step_icon&quot;:null,&quot;field_value&quot;:&quot;&quot;},{&quot;placeholder&quot;:&quot;Num\\u00e9ro de t\\u00e9l\\u00e9phone&quot;,&quot;acceptance_text&quot;:null,&quot;step_previous_button&quot;:null,&quot;step_next_button&quot;:null,&quot;width&quot;:&quot;50&quot;,&quot;_id&quot;:&quot;16c930b&quot;,&quot;field_custom_id&quot;:&quot;16c930b&quot;,&quot;checked_by_default&quot;:null,&quot;min_time&quot;:null,&quot;max_time&quot;:null,&quot;min_date&quot;:null,&quot;max_date&quot;:null,&quot;localization&quot;:null,&quot;min&quot;:null,&quot;max&quot;:null,&quot;type&quot;:&quot;text&quot;,&quot;label&quot;:&quot;&quot;,&quot;recaptcha_badge&quot;:null,&quot;recaptcha_theme&quot;:null,&quot;recaptcha_size&quot;:null,&quot;field_options&quot;:null,&quot;inline_list&quot;:null,&quot;field_html&quot;:null,&quot;native_html5&quot;:null,&quot;multiple_selection&quot;:null,&quot;rows&quot;:null,&quot;required&quot;:&quot;&quot;,&quot;iti_tel&quot;:null,&quot;iti_tel_tel_type&quot;:null,&quot;iti_tel_require_area&quot;:null,&quot;iti_tel_allow_dropdown&quot;:null,&quot;iti_tel_country_include&quot;:null,&quot;iti_tel_ip_detect&quot;:null,&quot;iti_tel_internationalize&quot;:null,&quot;file_sizes&quot;:null,&quot;file_types&quot;:null,&quot;allow_multiple_upload&quot;:null,&quot;max_files&quot;:null,&quot;step_icon&quot;:null,&quot;field_value&quot;:&quot;&quot;},{&quot;type&quot;:&quot;textarea&quot;,&quot;placeholder&quot;:&quot;Message&quot;,&quot;_id&quot;:&quot;47315e6&quot;,&quot;acceptance_text&quot;:null,&quot;step_previous_button&quot;:null,&quot;step_next_button&quot;:null,&quot;field_custom_id&quot;:&quot;47315e6&quot;,&quot;checked_by_default&quot;:null,&quot;min_time&quot;:null,&quot;max_time&quot;:null,&quot;min_date&quot;:null,&quot;max_date&quot;:null,&quot;localization&quot;:null,&quot;min&quot;:null,&quot;max&quot;:null,&quot;rows&quot;:6,&quot;required&quot;:&quot;true&quot;,&quot;label&quot;:&quot;&quot;,&quot;recaptcha_badge&quot;:null,&quot;recaptcha_theme&quot;:null,&quot;recaptcha_size&quot;:null,&quot;field_options&quot;:null,&quot;inline_list&quot;:null,&quot;field_html&quot;:null,&quot;native_html5&quot;:null,&quot;multiple_selection&quot;:null,&quot;iti_tel&quot;:null,&quot;iti_tel_tel_type&quot;:null,&quot;iti_tel_require_area&quot;:null,&quot;iti_tel_allow_dropdown&quot;:null,&quot;iti_tel_country_include&quot;:null,&quot;iti_tel_ip_detect&quot;:null,&quot;iti_tel_internationalize&quot;:null,&quot;file_sizes&quot;:null,&quot;file_types&quot;:null,&quot;allow_multiple_upload&quot;:null,&quot;max_files&quot;:null,&quot;step_icon&quot;:null,&quot;width&quot;:&quot;100&quot;,&quot;field_value&quot;:&quot;&quot;}],&quot;steps_type&quot;:&quot;number&quot;,&quot;steps_icon_shape&quot;:&quot;circle&quot;}\" data-widget_type=\"raven-form.default\">\n\t\t\t\t<div class=\"elementor-widget-container\">\n\t\t\t\t\t\t\t<form class=\"raven-form raven-flex raven-flex-wrap raven-flex-bottom raven-hide-required-mark\" method=\"post\" name=\"Formulaire de contact\">\n\t\t\t<input type=\"hidden\" name=\"post_id\" value=\"10100\" \/>\n\t\t\t<input type=\"hidden\" name=\"form_id\" value=\"3e429013\" \/>\n\t\t\t\t\t<div id=\"raven-field-group-6d091d6\" class=\"raven-flex-wrap raven-field-type-text raven-field-group elementor-column elementor-col-50\">\n\t\t\t\t\t<input\n\t\t\toninput=\"onInvalidRavenFormField(event)\"\n\t\t\toninvalid=\"onInvalidRavenFormField(event)\"\n\t\t\ttype=\"text\" name=\"fields[6d091d6]\" id=\"form-field-6d091d6\" class=\"raven-field\" placeholder=\"Votre Pr\u00e9nom\" data-type=\"text\" data-custom-id=\"6d091d6\">\n\t\t\t\t<\/div>\n\t\t\t\t<div id=\"raven-field-group-dfe6442\" class=\"raven-flex-wrap raven-field-type-text raven-field-group elementor-column elementor-col-50\">\n\t\t\t\t\t<input\n\t\t\toninput=\"onInvalidRavenFormField(event)\"\n\t\t\toninvalid=\"onInvalidRavenFormField(event)\"\n\t\t\ttype=\"text\" name=\"fields[dfe6442]\" id=\"form-field-dfe6442\" class=\"raven-field\" placeholder=\"Votre Nom\" data-type=\"text\" data-custom-id=\"dfe6442\">\n\t\t\t\t<\/div>\n\t\t\t\t<div id=\"raven-field-group-d70fc37\" class=\"raven-flex-wrap raven-field-type-email raven-field-group elementor-column elementor-col-50 raven-field-required\">\n\t\t\t\t\t<input\n\t\t\toninput=\"onInvalidRavenFormField(event)\"\n\t\t\toninvalid=\"onInvalidRavenFormField(event)\"\n\t\t\ttype=\"email\" name=\"fields[d70fc37]\" id=\"form-field-d70fc37\" class=\"raven-field\" placeholder=\"Email\" data-type=\"email\" data-custom-id=\"d70fc37\" required=\"required\">\n\t\t\t\t<\/div>\n\t\t\t\t<div id=\"raven-field-group-16c930b\" class=\"raven-flex-wrap raven-field-type-text raven-field-group elementor-column elementor-col-50\">\n\t\t\t\t\t<input\n\t\t\toninput=\"onInvalidRavenFormField(event)\"\n\t\t\toninvalid=\"onInvalidRavenFormField(event)\"\n\t\t\ttype=\"text\" name=\"fields[16c930b]\" id=\"form-field-16c930b\" class=\"raven-field\" placeholder=\"Num\u00e9ro de t\u00e9l\u00e9phone\" data-type=\"text\" data-custom-id=\"16c930b\">\n\t\t\t\t<\/div>\n\t\t\t\t<div id=\"raven-field-group-47315e6\" class=\"raven-flex-wrap raven-field-type-textarea raven-field-group elementor-column elementor-col-100 raven-field-required\">\n\t\t\t\t\t<textarea\n\t\t\toninput=\"onInvalidRavenFormField(event)\"\n\t\t\toninvalid=\"onInvalidRavenFormField(event)\"\n\t\t\ttype=\"textarea\" name=\"fields[47315e6]\" id=\"form-field-47315e6\" class=\"raven-field\" placeholder=\"Message\" data-type=\"textarea\" data-custom-id=\"47315e6\" required=\"required\"\t\t\trows=\"6\"><\/textarea>\n\t\t\t\t<\/div>\n\t\t\t\t\t\t\t<div class=\"raven-field-group raven-field-type-submit-button elementor-column elementor-col-100\">\n\t\t\t\t\t\t\t\t\t<button class=\"raven-submit-button\" type=\"submit\">\n\t\t\t\t\t\t<span>ENVOYER<\/span>\n\t\t<\/button>\n\t\t\t\t\t\t\t<\/div>\n\t\t\t\t<\/form>\n\n\t\t\t\t\t\t\t\t<\/div>\n\t\t\t\t<\/div>\n\t\t\t\t<\/div>\n\t\t\t\t<div class=\"elementor-element elementor-element-7bd3ad8 elementor-widget elementor-widget-text-editor\" data-id=\"7bd3ad8\" data-element_type=\"widget\" data-widget_type=\"text-editor.default\">\n\t\t\t\t<div class=\"elementor-widget-container\">\n\t\t\t\t\t\t\t\t\t<p>Vous pouvez nous joindre directement en utilisant les coordonn\u00e9es suivantes :<strong><br \/><\/strong><\/p><p><strong>Par t\u00e9l\u00e9phone :<\/strong> 06 09 78 44 95<br \/><strong>Par mail :<\/strong> info@oxalis-asso.org<br \/><strong>Par courrier :<\/strong> 52, chemin des \u00e9coles 73630 LA COMPOTE<\/p><p><strong>Ou en remplissant simplement notre formulaire de contact.<\/strong><\/p>\t\t\t\t\t\t\t\t<\/div>\n\t\t\t\t<\/div>\n\t\t\t\t\t<\/div>\n\t\t\t\t<\/div>\n\t\t\t\t<\/div>\n\t\t\t\t<\/div>\n\t\t","protected":false},"excerpt":{"rendered":"<p>CONTACT Accueil ENVOYER Vous pouvez nous joindre directement en utilisant les coordonn\u00e9es suivantes : Par t\u00e9l\u00e9phone : 06 09 78 44 95Par mail : info@oxalis-asso.orgPar courrier : 52, chemin des [&hellip;]<\/p>\n","protected":false},"author":2,"featured_media":0,"parent":0,"menu_order":0,"comment_status":"closed","ping_status":"closed","template":"","meta":{"_acf_changed":false,"footnotes":""},"class_list":["post-10100","page","type-page","status-publish","hentry"],"acf":[],"yoast_head":"<!-- This site is optimized with the Yoast SEO plugin v26.7 - https:\/\/yoast.com\/wordpress\/plugins\/seo\/ -->\n<title>Contactez l&#039;association Oxalis<\/title>\n<meta name=\"description\" content=\"Auto-constructeurs, bricoleurs, cuisiniers et autres passionn\u00e9s en qu\u00eate d\u2019autonomie ! Contactez-nous!\" \/>\n<meta name=\"robots\" content=\"noindex, follow, max-snippet:-1, max-image-preview:large, max-video-preview:-1\" \/>\n<meta property=\"og:locale\" content=\"fr_FR\" \/>\n<meta property=\"og:type\" content=\"article\" \/>\n<meta property=\"og:title\" content=\"Contactez l&#039;association Oxalis\" \/>\n<meta property=\"og:description\" content=\"Auto-constructeurs, bricoleurs, cuisiniers et autres passionn\u00e9s en qu\u00eate d\u2019autonomie ! Contactez-nous!\" \/>\n<meta property=\"og:url\" content=\"https:\/\/www.oxalis-asso.org\/dev\/contact\/\" \/>\n<meta property=\"og:site_name\" content=\"Oxalis association\" \/>\n<meta property=\"article:modified_time\" content=\"2024-05-23T16:46:10+00:00\" \/>\n<meta name=\"twitter:card\" content=\"summary_large_image\" \/>\n<meta name=\"twitter:label1\" content=\"Dur\u00e9e de lecture estim\u00e9e\" \/>\n\t<meta name=\"twitter:data1\" content=\"1 minute\" \/>\n<script type=\"application\/ld+json\" class=\"yoast-schema-graph\">{\"@context\":\"https:\/\/schema.org\",\"@graph\":[{\"@type\":\"WebPage\",\"@id\":\"https:\/\/www.oxalis-asso.org\/dev\/contact\/\",\"url\":\"https:\/\/www.oxalis-asso.org\/dev\/contact\/\",\"name\":\"Contactez l'association Oxalis\",\"isPartOf\":{\"@id\":\"https:\/\/www.oxalis-asso.org\/dev\/#website\"},\"datePublished\":\"2024-02-10T18:10:30+00:00\",\"dateModified\":\"2024-05-23T16:46:10+00:00\",\"description\":\"Auto-constructeurs, bricoleurs, cuisiniers et autres passionn\u00e9s en qu\u00eate d\u2019autonomie ! Contactez-nous!\",\"breadcrumb\":{\"@id\":\"https:\/\/www.oxalis-asso.org\/dev\/contact\/#breadcrumb\"},\"inLanguage\":\"fr-FR\",\"potentialAction\":[{\"@type\":\"ReadAction\",\"target\":[\"https:\/\/www.oxalis-asso.org\/dev\/contact\/\"]}]},{\"@type\":\"BreadcrumbList\",\"@id\":\"https:\/\/www.oxalis-asso.org\/dev\/contact\/#breadcrumb\",\"itemListElement\":[{\"@type\":\"ListItem\",\"position\":1,\"name\":\"Accueil\",\"item\":\"https:\/\/www.oxalis-asso.org\/dev\/\"},{\"@type\":\"ListItem\",\"position\":2,\"name\":\"Contact\"}]},{\"@type\":\"WebSite\",\"@id\":\"https:\/\/www.oxalis-asso.org\/dev\/#website\",\"url\":\"https:\/\/www.oxalis-asso.org\/dev\/\",\"name\":\"Oxalis association\",\"description\":\"L&#039;\u00e9cocentre de Savoie \u2013 R\u00e9seau d&#039;\u00e9co et d&#039;auto-constructeurs\",\"publisher\":{\"@id\":\"https:\/\/www.oxalis-asso.org\/dev\/#organization\"},\"potentialAction\":[{\"@type\":\"SearchAction\",\"target\":{\"@type\":\"EntryPoint\",\"urlTemplate\":\"https:\/\/www.oxalis-asso.org\/dev\/?s={search_term_string}\"},\"query-input\":{\"@type\":\"PropertyValueSpecification\",\"valueRequired\":true,\"valueName\":\"search_term_string\"}}],\"inLanguage\":\"fr-FR\"},{\"@type\":\"Organization\",\"@id\":\"https:\/\/www.oxalis-asso.org\/dev\/#organization\",\"name\":\"Oxalis association\",\"url\":\"https:\/\/www.oxalis-asso.org\/dev\/\",\"logo\":{\"@type\":\"ImageObject\",\"inLanguage\":\"fr-FR\",\"@id\":\"https:\/\/www.oxalis-asso.org\/dev\/#\/schema\/logo\/image\/\",\"url\":\"https:\/\/www.oxalis-asso.org\/dev\/wp-content\/uploads\/2024\/05\/logo_oxalis-scaled.jpg\",\"contentUrl\":\"https:\/\/www.oxalis-asso.org\/dev\/wp-content\/uploads\/2024\/05\/logo_oxalis-scaled.jpg\",\"width\":2560,\"height\":1536,\"caption\":\"Oxalis association\"},\"image\":{\"@id\":\"https:\/\/www.oxalis-asso.org\/dev\/#\/schema\/logo\/image\/\"}}]}<\/script>\n<!-- \/ Yoast SEO plugin. -->","yoast_head_json":{"title":"Contactez l'association Oxalis","description":"Auto-constructeurs, bricoleurs, cuisiniers et autres passionn\u00e9s en qu\u00eate d\u2019autonomie ! Contactez-nous!","robots":{"index":"noindex","follow":"follow","max-snippet":"max-snippet:-1","max-image-preview":"max-image-preview:large","max-video-preview":"max-video-preview:-1"},"og_locale":"fr_FR","og_type":"article","og_title":"Contactez l'association Oxalis","og_description":"Auto-constructeurs, bricoleurs, cuisiniers et autres passionn\u00e9s en qu\u00eate d\u2019autonomie ! Contactez-nous!","og_url":"https:\/\/www.oxalis-asso.org\/dev\/contact\/","og_site_name":"Oxalis association","article_modified_time":"2024-05-23T16:46:10+00:00","twitter_card":"summary_large_image","twitter_misc":{"Dur\u00e9e de lecture estim\u00e9e":"1 minute"},"schema":{"@context":"https:\/\/schema.org","@graph":[{"@type":"WebPage","@id":"https:\/\/www.oxalis-asso.org\/dev\/contact\/","url":"https:\/\/www.oxalis-asso.org\/dev\/contact\/","name":"Contactez l'association Oxalis","isPartOf":{"@id":"https:\/\/www.oxalis-asso.org\/dev\/#website"},"datePublished":"2024-02-10T18:10:30+00:00","dateModified":"2024-05-23T16:46:10+00:00","description":"Auto-constructeurs, bricoleurs, cuisiniers et autres passionn\u00e9s en qu\u00eate d\u2019autonomie ! Contactez-nous!","breadcrumb":{"@id":"https:\/\/www.oxalis-asso.org\/dev\/contact\/#breadcrumb"},"inLanguage":"fr-FR","potentialAction":[{"@type":"ReadAction","target":["https:\/\/www.oxalis-asso.org\/dev\/contact\/"]}]},{"@type":"BreadcrumbList","@id":"https:\/\/www.oxalis-asso.org\/dev\/contact\/#breadcrumb","itemListElement":[{"@type":"ListItem","position":1,"name":"Accueil","item":"https:\/\/www.oxalis-asso.org\/dev\/"},{"@type":"ListItem","position":2,"name":"Contact"}]},{"@type":"WebSite","@id":"https:\/\/www.oxalis-asso.org\/dev\/#website","url":"https:\/\/www.oxalis-asso.org\/dev\/","name":"Oxalis association","description":"L&#039;\u00e9cocentre de Savoie \u2013 R\u00e9seau d&#039;\u00e9co et d&#039;auto-constructeurs","publisher":{"@id":"https:\/\/www.oxalis-asso.org\/dev\/#organization"},"potentialAction":[{"@type":"SearchAction","target":{"@type":"EntryPoint","urlTemplate":"https:\/\/www.oxalis-asso.org\/dev\/?s={search_term_string}"},"query-input":{"@type":"PropertyValueSpecification","valueRequired":true,"valueName":"search_term_string"}}],"inLanguage":"fr-FR"},{"@type":"Organization","@id":"https:\/\/www.oxalis-asso.org\/dev\/#organization","name":"Oxalis association","url":"https:\/\/www.oxalis-asso.org\/dev\/","logo":{"@type":"ImageObject","inLanguage":"fr-FR","@id":"https:\/\/www.oxalis-asso.org\/dev\/#\/schema\/logo\/image\/","url":"https:\/\/www.oxalis-asso.org\/dev\/wp-content\/uploads\/2024\/05\/logo_oxalis-scaled.jpg","contentUrl":"https:\/\/www.oxalis-asso.org\/dev\/wp-content\/uploads\/2024\/05\/logo_oxalis-scaled.jpg","width":2560,"height":1536,"caption":"Oxalis association"},"image":{"@id":"https:\/\/www.oxalis-asso.org\/dev\/#\/schema\/logo\/image\/"}}]}},"_links":{"self":[{"href":"https:\/\/www.oxalis-asso.org\/dev\/wp-json\/wp\/v2\/pages\/10100","targetHints":{"allow":["GET"]}}],"collection":[{"href":"https:\/\/www.oxalis-asso.org\/dev\/wp-json\/wp\/v2\/pages"}],"about":[{"href":"https:\/\/www.oxalis-asso.org\/dev\/wp-json\/wp\/v2\/types\/page"}],"author":[{"embeddable":true,"href":"https:\/\/www.oxalis-asso.org\/dev\/wp-json\/wp\/v2\/users\/2"}],"replies":[{"embeddable":true,"href":"https:\/\/www.oxalis-asso.org\/dev\/wp-json\/wp\/v2\/comments?post=10100"}],"version-history":[{"count":2,"href":"https:\/\/www.oxalis-asso.org\/dev\/wp-json\/wp\/v2\/pages\/10100\/revisions"}],"predecessor-version":[{"id":11981,"href":"https:\/\/www.oxalis-asso.org\/dev\/wp-json\/wp\/v2\/pages\/10100\/revisions\/11981"}],"wp:attachment":[{"href":"https:\/\/www.oxalis-asso.org\/dev\/wp-json\/wp\/v2\/media?parent=10100"}],"curies":[{"name":"wp","href":"https:\/\/api.w.org\/{rel}","templated":true}]}}