{"id":11788,"date":"2024-04-15T09:25:49","date_gmt":"2024-04-15T07:25:49","guid":{"rendered":"https:\/\/www.oxalis-asso.org\/dev\/?page_id=11788"},"modified":"2024-04-15T10:57:53","modified_gmt":"2024-04-15T08:57:53","slug":"adhesions-dons","status":"publish","type":"page","link":"https:\/\/www.oxalis-asso.org\/dev\/adhesions-dons\/","title":{"rendered":"Adh\u00e9sions &amp; Dons"},"content":{"rendered":"\t\t<div data-elementor-type=\"wp-page\" data-elementor-id=\"11788\" class=\"elementor elementor-11788\">\n\t\t\t\t<div class=\"elementor-element elementor-element-bb8a1c1 e-grid e-con-full e-con e-parent\" data-id=\"bb8a1c1\" data-element_type=\"container\">\n\t\t\t\t<div class=\"elementor-element elementor-element-2f61caa elementor-widget elementor-widget-heading\" data-id=\"2f61caa\" data-element_type=\"widget\" data-widget_type=\"heading.default\">\n\t\t\t\t<div class=\"elementor-widget-container\">\n\t\t\t\t\t<h1 class=\"elementor-heading-title elementor-size-default\">Adh\u00e9sions &amp; dons<\/h1>\t\t\t\t<\/div>\n\t\t\t\t<\/div>\n\t\t\t\t<div class=\"elementor-element elementor-element-693f511 elementor-align-center elementor-widget elementor-widget-raven-breadcrumbs\" data-id=\"693f511\" data-element_type=\"widget\" data-widget_type=\"raven-breadcrumbs.default\">\n\t\t\t\t<div class=\"elementor-widget-container\">\n\t\t\t\t\t<div class=\"raven-breadcrumbs raven-breadcrumbs-yoast\"><p id=\"breadcrumbs\"><span><span><a href=\"https:\/\/www.oxalis-asso.org\/dev\/\">Accueil<\/a><\/span><\/span><\/p><\/div>\t\t\t\t<\/div>\n\t\t\t\t<\/div>\n\t\t\t\t<\/div>\n\t\t<div class=\"elementor-element elementor-element-64abae e-flex e-con-boxed e-con e-parent\" data-id=\"64abae\" data-element_type=\"container\">\n\t\t\t\t\t<div class=\"e-con-inner\">\n\t\t<div class=\"elementor-element elementor-element-89e2504 e-flex e-con-boxed e-con e-child\" data-id=\"89e2504\" data-element_type=\"container\">\n\t\t\t\t\t<div class=\"e-con-inner\">\n\t\t<div class=\"elementor-element elementor-element-9ead99e e-con-full e-flex e-con e-child\" data-id=\"9ead99e\" data-element_type=\"container\">\n\t\t\t\t<div class=\"elementor-element elementor-element-e83b2eb elementor-align-center elementor-tablet-align-center elementor-widget elementor-widget-raven-heading\" data-id=\"e83b2eb\" data-element_type=\"widget\" data-widget_type=\"raven-heading.default\">\n\t\t\t\t<div class=\"elementor-widget-container\">\n\t\t\t\t\t\t\t<div class=\"raven-widget-wrapper\"><h2 class=\"raven-heading raven-heading-h2\"><span class=\"raven-heading-title \">Pourquoi adh\u00e9rer \u00e0 Oxalis ?<\/span><\/h2><\/div>\n\t\t\t\t\t\t<\/div>\n\t\t\t\t<\/div>\n\t\t\t\t<div class=\"elementor-element elementor-element-39d2bf7 elementor-widget elementor-widget-text-editor\" data-id=\"39d2bf7\" data-element_type=\"widget\" data-widget_type=\"text-editor.default\">\n\t\t\t\t<div class=\"elementor-widget-container\">\n\t\t\t\t\t\t\t\t\t<p style=\"text-align: left;\">Pour permettre \u00e0 nos projets d\u2019aboutir, l\u2019association a besoin de VOTRE SOUTIEN : Un soutien physique et moral bien s\u00fbr, en \u00e9tant pr\u00e9sents et actifs dans nos actions, mais aussi un soutien financier.<\/p><p style=\"text-align: left;\">L\u2019adh\u00e9sion annuelle est une mani\u00e8re de nous t\u00e9moigner votre soutien pour les projets que nous construisons, les id\u00e9es que nous d\u00e9fendons.<\/p><p style=\"text-align: left;\">La cotisation annuelle est de :<\/p><ul style=\"text-align: left;\"><li>10 euros pour les particuliers<\/li><li>15 euros pour les familles<\/li><li>5 euros pour les petits budgets.<\/li><\/ul>\t\t\t\t\t\t\t\t<\/div>\n\t\t\t\t<\/div>\n\t\t\t\t<div class=\"elementor-element elementor-element-46e9076 elementor-align-center elementor-tablet-align-center elementor-widget elementor-widget-raven-heading\" data-id=\"46e9076\" data-element_type=\"widget\" data-widget_type=\"raven-heading.default\">\n\t\t\t\t<div class=\"elementor-widget-container\">\n\t\t\t\t\t\t\t<div class=\"raven-widget-wrapper\"><h2 class=\"raven-heading raven-heading-h2\"><span class=\"raven-heading-title \">Vous souhaitez faire un don ?<\/span><\/h2><\/div>\n\t\t\t\t\t\t<\/div>\n\t\t\t\t<\/div>\n\t\t\t\t<div class=\"elementor-element elementor-element-412356d elementor-widget elementor-widget-text-editor\" data-id=\"412356d\" data-element_type=\"widget\" data-widget_type=\"text-editor.default\">\n\t\t\t\t<div class=\"elementor-widget-container\">\n\t\t\t\t\t\t\t\t\t<p style=\"text-align: left;\">Si vous souhaitez nous aider davantage, notre association est reconnue d\u2019int\u00e9r\u00eat g\u00e9n\u00e9ral et est habilit\u00e9e \u00e0 ce titre \u00e0 recevoir des dons d\u00e9ductibles des imp\u00f4ts. Le syst\u00e8me est le suivant :<\/p><ul><li style=\"text-align: left;\">Pour les particuliers : Le re\u00e7u de don aux \u0153uvres remis par l\u2019association destinataire vous permet de d\u00e9duire de votre d\u00e9claration d\u2019imp\u00f4ts 66% du montant effectivement donn\u00e9, dans la limite de 20 % du revenu imposable. Par exemple, un don de 100\u20ac ne vous co\u00fbtera en r\u00e9alit\u00e9 que 34\u20ac.<\/li><li style=\"text-align: left;\">Pour les entreprises : l\u2019exon\u00e9ration est de 60% dans la limite de 5\u2030 du chiffre d\u2019affaire.<\/li><\/ul>\t\t\t\t\t\t\t\t<\/div>\n\t\t\t\t<\/div>\n\t\t\t\t<\/div>\n\t\t\t\t\t<\/div>\n\t\t\t\t<\/div>\n\t\t\t\t\t<\/div>\n\t\t\t\t<\/div>\n\t\t<div class=\"elementor-element elementor-element-83a34fd e-con-full e-flex e-con e-parent\" data-id=\"83a34fd\" data-element_type=\"container\" data-settings=\"{&quot;background_background&quot;:&quot;classic&quot;}\">\n\t\t\t\t<div class=\"elementor-element elementor-element-2a4d75ef elementor-align-center elementor-widget elementor-widget-raven-heading\" data-id=\"2a4d75ef\" data-element_type=\"widget\" data-widget_type=\"raven-heading.default\">\n\t\t\t\t<div class=\"elementor-widget-container\">\n\t\t\t\t\t\t\t<div class=\"raven-widget-wrapper\"><h2 class=\"raven-heading raven-heading-h2\"><a href=\"https:\/\/www.oxalis-asso.org\/dev\/wp-content\/uploads\/2024\/04\/Bulletin-adhesion-don-Oxalis.pdf\"><span class=\"raven-heading-title \">T\u00e9l\u00e9charger le bulletin d'adh\u00e9sion<\/span><\/a><\/h2><\/div>\n\t\t\t\t\t\t<\/div>\n\t\t\t\t<\/div>\n\t\t\t\t<\/div>\n\t\t\t\t<\/div>\n\t\t","protected":false},"excerpt":{"rendered":"<p>Adh\u00e9sions &#038; dons Accueil Pourquoi adh\u00e9rer \u00e0 Oxalis ? Pour permettre \u00e0 nos projets d\u2019aboutir, l\u2019association a besoin de VOTRE SOUTIEN : Un soutien physique et moral bien s\u00fbr, en [&hellip;]<\/p>\n","protected":false},"author":1,"featured_media":0,"parent":0,"menu_order":0,"comment_status":"closed","ping_status":"closed","template":"","meta":{"_acf_changed":false,"footnotes":""},"class_list":["post-11788","page","type-page","status-publish","hentry"],"acf":[],"yoast_head":"<!-- This site is optimized with the Yoast SEO plugin v26.7 - https:\/\/yoast.com\/wordpress\/plugins\/seo\/ -->\n<title>L\u2019association Oxalis s\u2019est cr\u00e9\u00e9e en 1992 dans le massif des Bauges, en Savoie<\/title>\n<meta name=\"description\" content=\"Les actions de l\u2019association sont principalement ancr\u00e9es sur les deux Savoie, mais elles ont aussi pour vocation de d\u00e9passer ce territoire en proposant des exp\u00e9riences pilotes reproductibles dans d\u2019autres lieux\" \/>\n<meta name=\"robots\" content=\"noindex, follow, max-snippet:-1, max-image-preview:large, max-video-preview:-1\" \/>\n<meta property=\"og:locale\" content=\"fr_FR\" \/>\n<meta property=\"og:type\" content=\"article\" \/>\n<meta property=\"og:title\" content=\"L\u2019association Oxalis s\u2019est cr\u00e9\u00e9e en 1992 dans le massif des Bauges, en Savoie\" \/>\n<meta property=\"og:description\" content=\"Les actions de l\u2019association sont principalement ancr\u00e9es sur les deux Savoie, mais elles ont aussi pour vocation de d\u00e9passer ce territoire en proposant des exp\u00e9riences pilotes reproductibles dans d\u2019autres lieux\" \/>\n<meta property=\"og:url\" content=\"https:\/\/www.oxalis-asso.org\/dev\/adhesions-dons\/\" \/>\n<meta property=\"og:site_name\" content=\"Oxalis association\" \/>\n<meta property=\"article:modified_time\" content=\"2024-04-15T08:57:53+00:00\" \/>\n<meta name=\"twitter:card\" content=\"summary_large_image\" \/>\n<meta name=\"twitter:label1\" content=\"Dur\u00e9e de lecture estim\u00e9e\" \/>\n\t<meta name=\"twitter:data1\" content=\"1 minute\" \/>\n<script type=\"application\/ld+json\" class=\"yoast-schema-graph\">{\"@context\":\"https:\/\/schema.org\",\"@graph\":[{\"@type\":\"WebPage\",\"@id\":\"https:\/\/www.oxalis-asso.org\/dev\/adhesions-dons\/\",\"url\":\"https:\/\/www.oxalis-asso.org\/dev\/adhesions-dons\/\",\"name\":\"L\u2019association Oxalis s\u2019est cr\u00e9\u00e9e en 1992 dans le massif des Bauges, en Savoie\",\"isPartOf\":{\"@id\":\"https:\/\/www.oxalis-asso.org\/dev\/#website\"},\"datePublished\":\"2024-04-15T07:25:49+00:00\",\"dateModified\":\"2024-04-15T08:57:53+00:00\",\"description\":\"Les actions de l\u2019association sont principalement ancr\u00e9es sur les deux Savoie, mais elles ont aussi pour vocation de d\u00e9passer ce territoire en proposant des exp\u00e9riences pilotes reproductibles dans d\u2019autres lieux\",\"breadcrumb\":{\"@id\":\"https:\/\/www.oxalis-asso.org\/dev\/adhesions-dons\/#breadcrumb\"},\"inLanguage\":\"fr-FR\",\"potentialAction\":[{\"@type\":\"ReadAction\",\"target\":[\"https:\/\/www.oxalis-asso.org\/dev\/adhesions-dons\/\"]}]},{\"@type\":\"BreadcrumbList\",\"@id\":\"https:\/\/www.oxalis-asso.org\/dev\/adhesions-dons\/#breadcrumb\",\"itemListElement\":[{\"@type\":\"ListItem\",\"position\":1,\"name\":\"Accueil\",\"item\":\"https:\/\/www.oxalis-asso.org\/dev\/\"},{\"@type\":\"ListItem\",\"position\":2,\"name\":\"Adh\u00e9sions &amp; Dons\"}]},{\"@type\":\"WebSite\",\"@id\":\"https:\/\/www.oxalis-asso.org\/dev\/#website\",\"url\":\"https:\/\/www.oxalis-asso.org\/dev\/\",\"name\":\"Oxalis association\",\"description\":\"L&#039;\u00e9cocentre de Savoie \u2013 R\u00e9seau d&#039;\u00e9co et d&#039;auto-constructeurs\",\"publisher\":{\"@id\":\"https:\/\/www.oxalis-asso.org\/dev\/#organization\"},\"potentialAction\":[{\"@type\":\"SearchAction\",\"target\":{\"@type\":\"EntryPoint\",\"urlTemplate\":\"https:\/\/www.oxalis-asso.org\/dev\/?s={search_term_string}\"},\"query-input\":{\"@type\":\"PropertyValueSpecification\",\"valueRequired\":true,\"valueName\":\"search_term_string\"}}],\"inLanguage\":\"fr-FR\"},{\"@type\":\"Organization\",\"@id\":\"https:\/\/www.oxalis-asso.org\/dev\/#organization\",\"name\":\"Oxalis association\",\"url\":\"https:\/\/www.oxalis-asso.org\/dev\/\",\"logo\":{\"@type\":\"ImageObject\",\"inLanguage\":\"fr-FR\",\"@id\":\"https:\/\/www.oxalis-asso.org\/dev\/#\/schema\/logo\/image\/\",\"url\":\"https:\/\/www.oxalis-asso.org\/dev\/wp-content\/uploads\/2024\/05\/logo_oxalis-scaled.jpg\",\"contentUrl\":\"https:\/\/www.oxalis-asso.org\/dev\/wp-content\/uploads\/2024\/05\/logo_oxalis-scaled.jpg\",\"width\":2560,\"height\":1536,\"caption\":\"Oxalis association\"},\"image\":{\"@id\":\"https:\/\/www.oxalis-asso.org\/dev\/#\/schema\/logo\/image\/\"}}]}<\/script>\n<!-- \/ Yoast SEO plugin. -->","yoast_head_json":{"title":"L\u2019association Oxalis s\u2019est cr\u00e9\u00e9e en 1992 dans le massif des Bauges, en Savoie","description":"Les actions de l\u2019association sont principalement ancr\u00e9es sur les deux Savoie, mais elles ont aussi pour vocation de d\u00e9passer ce territoire en proposant des exp\u00e9riences pilotes reproductibles dans d\u2019autres lieux","robots":{"index":"noindex","follow":"follow","max-snippet":"max-snippet:-1","max-image-preview":"max-image-preview:large","max-video-preview":"max-video-preview:-1"},"og_locale":"fr_FR","og_type":"article","og_title":"L\u2019association Oxalis s\u2019est cr\u00e9\u00e9e en 1992 dans le massif des Bauges, en Savoie","og_description":"Les actions de l\u2019association sont principalement ancr\u00e9es sur les deux Savoie, mais elles ont aussi pour vocation de d\u00e9passer ce territoire en proposant des exp\u00e9riences pilotes reproductibles dans d\u2019autres lieux","og_url":"https:\/\/www.oxalis-asso.org\/dev\/adhesions-dons\/","og_site_name":"Oxalis association","article_modified_time":"2024-04-15T08:57:53+00:00","twitter_card":"summary_large_image","twitter_misc":{"Dur\u00e9e de lecture estim\u00e9e":"1 minute"},"schema":{"@context":"https:\/\/schema.org","@graph":[{"@type":"WebPage","@id":"https:\/\/www.oxalis-asso.org\/dev\/adhesions-dons\/","url":"https:\/\/www.oxalis-asso.org\/dev\/adhesions-dons\/","name":"L\u2019association Oxalis s\u2019est cr\u00e9\u00e9e en 1992 dans le massif des Bauges, en Savoie","isPartOf":{"@id":"https:\/\/www.oxalis-asso.org\/dev\/#website"},"datePublished":"2024-04-15T07:25:49+00:00","dateModified":"2024-04-15T08:57:53+00:00","description":"Les actions de l\u2019association sont principalement ancr\u00e9es sur les deux Savoie, mais elles ont aussi pour vocation de d\u00e9passer ce territoire en proposant des exp\u00e9riences pilotes reproductibles dans d\u2019autres lieux","breadcrumb":{"@id":"https:\/\/www.oxalis-asso.org\/dev\/adhesions-dons\/#breadcrumb"},"inLanguage":"fr-FR","potentialAction":[{"@type":"ReadAction","target":["https:\/\/www.oxalis-asso.org\/dev\/adhesions-dons\/"]}]},{"@type":"BreadcrumbList","@id":"https:\/\/www.oxalis-asso.org\/dev\/adhesions-dons\/#breadcrumb","itemListElement":[{"@type":"ListItem","position":1,"name":"Accueil","item":"https:\/\/www.oxalis-asso.org\/dev\/"},{"@type":"ListItem","position":2,"name":"Adh\u00e9sions &amp; Dons"}]},{"@type":"WebSite","@id":"https:\/\/www.oxalis-asso.org\/dev\/#website","url":"https:\/\/www.oxalis-asso.org\/dev\/","name":"Oxalis association","description":"L&#039;\u00e9cocentre de Savoie \u2013 R\u00e9seau d&#039;\u00e9co et d&#039;auto-constructeurs","publisher":{"@id":"https:\/\/www.oxalis-asso.org\/dev\/#organization"},"potentialAction":[{"@type":"SearchAction","target":{"@type":"EntryPoint","urlTemplate":"https:\/\/www.oxalis-asso.org\/dev\/?s={search_term_string}"},"query-input":{"@type":"PropertyValueSpecification","valueRequired":true,"valueName":"search_term_string"}}],"inLanguage":"fr-FR"},{"@type":"Organization","@id":"https:\/\/www.oxalis-asso.org\/dev\/#organization","name":"Oxalis association","url":"https:\/\/www.oxalis-asso.org\/dev\/","logo":{"@type":"ImageObject","inLanguage":"fr-FR","@id":"https:\/\/www.oxalis-asso.org\/dev\/#\/schema\/logo\/image\/","url":"https:\/\/www.oxalis-asso.org\/dev\/wp-content\/uploads\/2024\/05\/logo_oxalis-scaled.jpg","contentUrl":"https:\/\/www.oxalis-asso.org\/dev\/wp-content\/uploads\/2024\/05\/logo_oxalis-scaled.jpg","width":2560,"height":1536,"caption":"Oxalis association"},"image":{"@id":"https:\/\/www.oxalis-asso.org\/dev\/#\/schema\/logo\/image\/"}}]}},"_links":{"self":[{"href":"https:\/\/www.oxalis-asso.org\/dev\/wp-json\/wp\/v2\/pages\/11788","targetHints":{"allow":["GET"]}}],"collection":[{"href":"https:\/\/www.oxalis-asso.org\/dev\/wp-json\/wp\/v2\/pages"}],"about":[{"href":"https:\/\/www.oxalis-asso.org\/dev\/wp-json\/wp\/v2\/types\/page"}],"author":[{"embeddable":true,"href":"https:\/\/www.oxalis-asso.org\/dev\/wp-json\/wp\/v2\/users\/1"}],"replies":[{"embeddable":true,"href":"https:\/\/www.oxalis-asso.org\/dev\/wp-json\/wp\/v2\/comments?post=11788"}],"version-history":[{"count":2,"href":"https:\/\/www.oxalis-asso.org\/dev\/wp-json\/wp\/v2\/pages\/11788\/revisions"}],"predecessor-version":[{"id":11815,"href":"https:\/\/www.oxalis-asso.org\/dev\/wp-json\/wp\/v2\/pages\/11788\/revisions\/11815"}],"wp:attachment":[{"href":"https:\/\/www.oxalis-asso.org\/dev\/wp-json\/wp\/v2\/media?parent=11788"}],"curies":[{"name":"wp","href":"https:\/\/api.w.org\/{rel}","templated":true}]}}